{"id":154,"date":"2016-11-15T09:53:08","date_gmt":"2016-11-15T08:53:08","guid":{"rendered":"http:\/\/km74.fr\/wp\/en\/?page_id=154"},"modified":"2023-01-08T12:19:55","modified_gmt":"2023-01-08T11:19:55","slug":"photo","status":"publish","type":"page","link":"https:\/\/km74.fr\/en\/medias\/photo\/","title":{"rendered":"Photo"},"content":{"rendered":"<div class=\"wpb-content-wrapper\"><p>[vc_row][vc_column][vc_single_image image=&#8221;1242&#8243;]<div class=\"headline \"><h1>STAGE ENFANTS DECEMBRE 2022 ``ETRANGLEMENTS``<\/h1><\/div>[vc_single_image image=&#8221;1246&#8243;]<div class=\"headline \"><h1>PASSAGE DE CHEVRONS ENFANTS OCTOBRE 2022<\/h1><\/div>[vc_gallery interval=&#8221;3&#8243; images=&#8221;1236,1234&#8243; img_size=&#8221;&#8221; onclick=&#8221;&#8221;]<div class=\"headline \"><h1>PASSAGES DE CHEVRONS ET REMISE DE DIPLOMES AUX ENFANTS SAISON 2021 <\/h1><\/div>[vc_gallery type=&#8221;image_grid&#8221; images=&#8221;1135,1137,1139,1141,1143,1145,1147,1149,1151,1157,1155,1153&#8243; title=&#8221;Stage enfants, 27\/28 octobre 2020&#8243;][vc_column_text]<img loading=\"lazy\" decoding=\"async\" class=\"alignnone size-medium wp-image-1214\" src=\"https:\/\/km74.fr\/wp\/wp-content\/uploads\/remise-diplome-km74-enfants-2021-2-300x225.jpg\" alt=\"remise diplome km74 enfants 2021 2\" width=\"300\" height=\"225\" srcset=\"https:\/\/km74.fr\/wp\/wp-content\/uploads\/remise-diplome-km74-enfants-2021-2-300x225.jpg 300w, https:\/\/km74.fr\/wp\/wp-content\/uploads\/remise-diplome-km74-enfants-2021-2-768x576.jpg 768w, https:\/\/km74.fr\/wp\/wp-content\/uploads\/remise-diplome-km74-enfants-2021-2-1024x768.jpg 1024w\" sizes=\"auto, (max-width: 300px) 100vw, 300px\" \/><img loading=\"lazy\" decoding=\"async\" class=\"alignnone size-medium wp-image-1212\" src=\"https:\/\/km74.fr\/wp\/wp-content\/uploads\/remise-diplome-km74-enfants-2021-1-300x225.jpg\" alt=\"remise diplome km74 enfants 2021 1\" width=\"300\" height=\"225\" srcset=\"https:\/\/km74.fr\/wp\/wp-content\/uploads\/remise-diplome-km74-enfants-2021-1-300x225.jpg 300w, https:\/\/km74.fr\/wp\/wp-content\/uploads\/remise-diplome-km74-enfants-2021-1-768x576.jpg 768w, https:\/\/km74.fr\/wp\/wp-content\/uploads\/remise-diplome-km74-enfants-2021-1-1024x768.jpg 1024w\" sizes=\"auto, (max-width: 300px) 100vw, 300px\" \/><img loading=\"lazy\" decoding=\"async\" class=\"alignnone size-medium wp-image-1210\" src=\"https:\/\/km74.fr\/wp\/wp-content\/uploads\/remise-diplome-km-74-enfants-2021-300x225.jpg\" alt=\"remise diplome km 74 enfants 2021\" width=\"300\" height=\"225\" srcset=\"https:\/\/km74.fr\/wp\/wp-content\/uploads\/remise-diplome-km-74-enfants-2021-300x225.jpg 300w, https:\/\/km74.fr\/wp\/wp-content\/uploads\/remise-diplome-km-74-enfants-2021-768x576.jpg 768w, https:\/\/km74.fr\/wp\/wp-content\/uploads\/remise-diplome-km-74-enfants-2021-1024x768.jpg 1024w\" sizes=\"auto, (max-width: 300px) 100vw, 300px\" \/>[\/vc_column_text]<div class=\"headline \"><h1>Voyage Isra\u00ebl octobre 2019<\/h1><\/div>[vc_gallery type=&#8221;image_grid&#8221; images=&#8221;975,977,989,979,991,981,983,987,993,985,995,997,999,1001,1003,1007,1009,1011,1013,1005&#8243;][\/vc_column][\/vc_row][vc_row][vc_column]<div class=\"headline \"><h1>Pot de la rentr\u00e9e 2014-2015<\/h1><\/div>[vc_gallery type=&#8221;image_grid&#8221; images=&#8221;156,172,170,168,166,164,162,160,158&#8243;][\/vc_column][\/vc_row][vc_row][vc_column]<div class=\"headline \"><h1>Pot de rentr\u00e9e 2013-2014<\/h1><\/div>[vc_gallery type=&#8221;image_grid&#8221; images=&#8221;192,204,202,200,198,196,194&#8243;][\/vc_column][\/vc_row][vc_row][vc_column]<div class=\"headline \"><h1>Repas du club du 30\/01\/2014 <\/h1><\/div>[vc_gallery type=&#8221;image_grid&#8221; images=&#8221;206,238,236,234,232,230,228,226,224,222,220,218,216,214,212,210,208&#8243;][\/vc_column][\/vc_row][vc_row][vc_column]<div class=\"headline \"><h1>Stage intensif, avril 2014 !!<\/h1><\/div>[vc_gallery type=&#8221;image_grid&#8221; images=&#8221;240,296,294,292,290,288,286,284,282,280,278,276,274,272,270,268,266,264,262,260,258,256,254,252,250,248,246,244,242&#8243;][\/vc_column][\/vc_row][vc_row][vc_column]<div class=\"headline \"><h1>Pot, stage intensif avril 2014 <\/h1><\/div>[vc_gallery type=&#8221;image_grid&#8221; images=&#8221;300,336,334,332,330,328,326,324,322,320,318,316,314,312,310,308,306,304,302&#8243;][\/vc_column][\/vc_row][vc_row][vc_column]<div class=\"headline \"><h1>Repas du club, 12 novembre 2015.<\/h1><\/div>[vc_gallery type=&#8221;image_grid&#8221; images=&#8221;342,366,364,362,360,358,356,354,352,350,348,346,344&#8243;][vc_column_text]Merci \u00e0 vous toutes et tous!!!![\/vc_column_text][\/vc_column][\/vc_row][vc_row][vc_column]<div class=\"headline \"><h1>Voyage en Isra\u00ebl, du 19 au 25 septembre 2016! (Arnaud et Fred)<\/h1><\/div>[vc_column_text]Visites de Tel Aviv et son fameux front de mer&#8230;[\/vc_column_text][vc_gallery type=&#8221;image_grid&#8221; images=&#8221;370,376,374,372&#8243;][vc_column_text]son march\u00e9 typique y\u00e9m\u00e9nite r\u00e9put\u00e9&#8230;[\/vc_column_text][vc_gallery type=&#8221;image_grid&#8221; images=&#8221;378,380&#8243;][vc_column_text]Je remercie Alain COHEN et ses \u00e9l\u00e8ves pour leur accueil chaleureux dans leur club d&#8217; Ashdod,[\/vc_column_text][vc_gallery type=&#8221;image_grid&#8221; images=&#8221;382,390,388,386,384&#8243;][vc_column_text]Tout aussi convivial et physique, le club de Uri REFAELI ( un des plus anciens \u00e9l\u00e8ves d&#8217;Imi) \u00e0 Heredera, nous a ouvert ses portes..[\/vc_column_text][vc_gallery type=&#8221;image_grid&#8221; images=&#8221;392,400,398,396,394&#8243;][vc_column_text]Et un grand merci \u00e0 L\u00e9a Dray et ses ceintures noires (F\u00e9d\u00e9ration Smart Fight)[\/vc_column_text][vc_gallery type=&#8221;image_grid&#8221; images=&#8221;402,404&#8243;][vc_column_text]Cette semaine, riche en Krav Maga, a aussi \u00e9t\u00e9 tr\u00e8s enrichissante culturellement, notamment avec la d\u00e9couverte de J\u00e9rusalem et sa vieille\u00a0 ville&#8230;[\/vc_column_text][vc_gallery type=&#8221;image_grid&#8221; images=&#8221;406,412,410,408&#8243;][vc_column_text]des territoires occup\u00e9s avec B\u00e9thl\u00e9em, sa basilique de la Nativit\u00e9 ( lieu de la naissance du Christ)&#8230;[\/vc_column_text][vc_gallery type=&#8221;image_grid&#8221; images=&#8221;414,416&#8243;][vc_column_text]la grotte de lait o\u00f9 Marie allaita J\u00e9sus lors de sa fuite en Egypte&#8230;[\/vc_column_text][vc_gallery type=&#8221;image_grid&#8221; images=&#8221;418,420&#8243;][vc_column_text]Plus au sud du pays, dans un d\u00e9cor splendide et d\u00e9sertique, la mer morte et ses coins touristiques se d\u00e9voilent&#8230;[\/vc_column_text][vc_gallery type=&#8221;image_grid&#8221; images=&#8221;422,426,424&#8243;][vc_column_text]au rendez-vous, un bain de boue tr\u00e8s appr\u00e9ci\u00e9 des locaux&#8230;[\/vc_column_text][vc_gallery type=&#8221;image_grid&#8221; images=&#8221;428,430&#8243;][vc_column_text]un peu plus loin, pour les sportifs, une petite randonn\u00e9e tout en mont\u00e9e avec la forteresse de Masada ( chaleur assur\u00e9e!!!)&#8230;[\/vc_column_text][vc_gallery type=&#8221;image_grid&#8221; images=&#8221;434&#8243;][vc_column_text]Enfin, n&#8217;oublions pas durant cette semaine bien remplie, une cuisine traditionnelle qui nous a bien redonn\u00e9 des forces!!![\/vc_column_text][vc_gallery type=&#8221;image_grid&#8221; images=&#8221;436&#8243;][vc_column_text]De retour en France, bien fatigu\u00e9s certes, mais avec plein de souvenirs en t\u00eate et du travail en perspective!!!!![\/vc_column_text][vc_gallery type=&#8221;image_grid&#8221; images=&#8221;438&#8243;][\/vc_column][\/vc_row][vc_row][vc_column]<div class=\"headline \"><h1>Pot de la rentr\u00e9e 2017\/2018<\/h1><\/div>[vc_gallery interval=&#8221;3&#8243; images=&#8221;768,792,790,788,786,784,782,780,778,776,774,772,770&#8243;][\/vc_column][\/vc_row][vc_row][vc_column]<div class=\"headline \"><h1>S\u00e9minaire de Krav Maga avec Uri Refaeli (Isra\u00ebl 2017)<\/h1><\/div>[vc_gallery interval=&#8221;3&#8243; images=&#8221;867,865,863,861,859,849,851,853,855,857,839,841,843,845,847,837,835,833,831,829,819,821,823,825,827,876,878,882,884,886,888&#8243;][\/vc_column][\/vc_row][vc_row][vc_column]<div class=\"headline \"><h1>Pot de la rentr\u00e9e 2018\/2019<\/h1><\/div>[\/vc_column][\/vc_row][vc_row][vc_column][vc_gallery interval=&#8221;3&#8243; images=&#8221;914,950,946,926,928,954,960,944,942,936,934,932,922,920,930&#8243;][\/vc_column][\/vc_row][vc_row][vc_column][\/vc_column][\/vc_row]<\/p>\n<\/div>","protected":false},"excerpt":{"rendered":"<p>[vc_row][vc_column][vc_single_image image=&#8221;1242&#8243;][vc_single_image image=&#8221;1246&#8243;][vc_gallery interval=&#8221;3&#8243; images=&#8221;1236,1234&#8243; img_size=&#8221;&#8221; onclick=&#8221;&#8221;][vc_gallery type=&#8221;image_grid&#8221; images=&#8221;1135,1137,1139,1141,1143,1145,1147,1149,1151,1157,1155,1153&#8243; title=&#8221;Stage enfants, 27\/28 octobre 2020&#8243;][vc_column_text][\/vc_column_text][vc_gallery type=&#8221;image_grid&#8221; images=&#8221;975,977,989,979,991,981,983,987,993,985,995,997,999,1001,1003,1007,1009,1011,1013,1005&#8243;][\/vc_column][\/vc_row][vc_row][vc_column][vc_gallery type=&#8221;image_grid&#8221; images=&#8221;156,172,170,168,166,164,162,160,158&#8243;][\/vc_column][\/vc_row][vc_row][vc_column][vc_gallery type=&#8221;image_grid&#8221; images=&#8221;192,204,202,200,198,196,194&#8243;][\/vc_column][\/vc_row][vc_row][vc_column][vc_gallery type=&#8221;image_grid&#8221; images=&#8221;206,238,236,234,232,230,228,226,224,222,220,218,216,214,212,210,208&#8243;][\/vc_column][\/vc_row][vc_row][vc_column][vc_gallery type=&#8221;image_grid&#8221; images=&#8221;240,296,294,292,290,288,286,284,282,280,278,276,274,272,270,268,266,264,262,260,258,256,254,252,250,248,246,244,242&#8243;][\/vc_column][\/vc_row][vc_row][vc_column][vc_gallery type=&#8221;image_grid&#8221; images=&#8221;300,336,334,332,330,328,326,324,322,320,318,316,314,312,310,308,306,304,302&#8243;][\/vc_column][\/vc_row][vc_row][vc_column][vc_gallery type=&#8221;image_grid&#8221; images=&#8221;342,366,364,362,360,358,356,354,352,350,348,346,344&#8243;][vc_column_text]Merci \u00e0 vous toutes et tous!!!![\/vc_column_text][\/vc_column][\/vc_row][vc_row][vc_column][vc_column_text]Visites de Tel Aviv et son fameux front de mer&#8230;[\/vc_column_text][vc_gallery type=&#8221;image_grid&#8221; images=&#8221;370,376,374,372&#8243;][vc_column_text]son march\u00e9 typique y\u00e9m\u00e9nite r\u00e9put\u00e9&#8230;[\/vc_column_text][vc_gallery type=&#8221;image_grid&#8221; images=&#8221;378,380&#8243;][vc_column_text]Je remercie Alain COHEN et ses [&hellip;]<\/p>\n","protected":false},"author":1,"featured_media":0,"parent":646,"menu_order":4,"comment_status":"closed","ping_status":"closed","template":"","meta":{"_monsterinsights_skip_tracking":false,"_monsterinsights_sitenote_active":false,"_monsterinsights_sitenote_note":"","_monsterinsights_sitenote_category":0,"footnotes":"","_links_to":"","_links_to_target":""},"class_list":["post-154","page","type-page","status-publish","hentry"],"yoast_head":"<!-- This site is optimized with the Yoast SEO plugin v25.8 - https:\/\/yoast.com\/wordpress\/plugins\/seo\/ -->\n<title>Photo | KM74<\/title>\n<meta name=\"robots\" content=\"index, follow, max-snippet:-1, max-image-preview:large, max-video-preview:-1\" \/>\n<link rel=\"canonical\" href=\"https:\/\/km74.fr\/en\/medias\/photo\/\" \/>\n<meta property=\"og:locale\" content=\"en_US\" \/>\n<meta property=\"og:type\" content=\"article\" \/>\n<meta property=\"og:title\" content=\"Photo | KM74\" \/>\n<meta property=\"og:description\" content=\"[vc_row][vc_column][vc_single_image image=&#8221;1242&#8243;][vc_single_image image=&#8221;1246&#8243;][vc_gallery interval=&#8221;3&#8243; images=&#8221;1236,1234&#8243; img_size=&#8221;&#8221; onclick=&#8221;&#8221;][vc_gallery type=&#8221;image_grid&#8221; images=&#8221;1135,1137,1139,1141,1143,1145,1147,1149,1151,1157,1155,1153&#8243; title=&#8221;Stage enfants, 27\/28 octobre 2020&#8243;][vc_column_text][\/vc_column_text][vc_gallery type=&#8221;image_grid&#8221; images=&#8221;975,977,989,979,991,981,983,987,993,985,995,997,999,1001,1003,1007,1009,1011,1013,1005&#8243;][\/vc_column][\/vc_row][vc_row][vc_column][vc_gallery type=&#8221;image_grid&#8221; images=&#8221;156,172,170,168,166,164,162,160,158&#8243;][\/vc_column][\/vc_row][vc_row][vc_column][vc_gallery type=&#8221;image_grid&#8221; images=&#8221;192,204,202,200,198,196,194&#8243;][\/vc_column][\/vc_row][vc_row][vc_column][vc_gallery type=&#8221;image_grid&#8221; images=&#8221;206,238,236,234,232,230,228,226,224,222,220,218,216,214,212,210,208&#8243;][\/vc_column][\/vc_row][vc_row][vc_column][vc_gallery type=&#8221;image_grid&#8221; images=&#8221;240,296,294,292,290,288,286,284,282,280,278,276,274,272,270,268,266,264,262,260,258,256,254,252,250,248,246,244,242&#8243;][\/vc_column][\/vc_row][vc_row][vc_column][vc_gallery type=&#8221;image_grid&#8221; images=&#8221;300,336,334,332,330,328,326,324,322,320,318,316,314,312,310,308,306,304,302&#8243;][\/vc_column][\/vc_row][vc_row][vc_column][vc_gallery type=&#8221;image_grid&#8221; images=&#8221;342,366,364,362,360,358,356,354,352,350,348,346,344&#8243;][vc_column_text]Merci \u00e0 vous toutes et tous!!!![\/vc_column_text][\/vc_column][\/vc_row][vc_row][vc_column][vc_column_text]Visites de Tel Aviv et son fameux front de mer&#8230;[\/vc_column_text][vc_gallery type=&#8221;image_grid&#8221; images=&#8221;370,376,374,372&#8243;][vc_column_text]son march\u00e9 typique y\u00e9m\u00e9nite r\u00e9put\u00e9&#8230;[\/vc_column_text][vc_gallery type=&#8221;image_grid&#8221; images=&#8221;378,380&#8243;][vc_column_text]Je remercie Alain COHEN et ses [&hellip;]\" \/>\n<meta property=\"og:url\" content=\"https:\/\/km74.fr\/en\/medias\/photo\/\" \/>\n<meta property=\"og:site_name\" content=\"KM74\" \/>\n<meta property=\"article:modified_time\" content=\"2023-01-08T11:19:55+00:00\" \/>\n<meta property=\"og:image\" content=\"https:\/\/km74.fr\/wp\/wp-content\/uploads\/remise-diplome-km74-enfants-2021-2-1024x768.jpg\" \/>\n\t<meta property=\"og:image:width\" content=\"1024\" \/>\n\t<meta property=\"og:image:height\" content=\"768\" \/>\n\t<meta property=\"og:image:type\" content=\"image\/jpeg\" \/>\n<meta name=\"twitter:card\" content=\"summary_large_image\" \/>\n<meta name=\"twitter:label1\" content=\"Est. reading time\" \/>\n\t<meta name=\"twitter:data1\" content=\"3 minutes\" \/>\n<script type=\"application\/ld+json\" class=\"yoast-schema-graph\">{\"@context\":\"https:\/\/schema.org\",\"@graph\":[{\"@type\":\"WebPage\",\"@id\":\"https:\/\/km74.fr\/en\/medias\/photo\/\",\"url\":\"https:\/\/km74.fr\/en\/medias\/photo\/\",\"name\":\"Photo | KM74\",\"isPartOf\":{\"@id\":\"https:\/\/km74.fr\/#website\"},\"primaryImageOfPage\":{\"@id\":\"https:\/\/km74.fr\/en\/medias\/photo\/#primaryimage\"},\"image\":{\"@id\":\"https:\/\/km74.fr\/en\/medias\/photo\/#primaryimage\"},\"thumbnailUrl\":\"https:\/\/km74.fr\/wp\/wp-content\/uploads\/remise-diplome-km74-enfants-2021-2-300x225.jpg\",\"datePublished\":\"2016-11-15T08:53:08+00:00\",\"dateModified\":\"2023-01-08T11:19:55+00:00\",\"breadcrumb\":{\"@id\":\"https:\/\/km74.fr\/en\/medias\/photo\/#breadcrumb\"},\"inLanguage\":\"en-US\",\"potentialAction\":[{\"@type\":\"ReadAction\",\"target\":[\"https:\/\/km74.fr\/en\/medias\/photo\/\"]}]},{\"@type\":\"ImageObject\",\"inLanguage\":\"en-US\",\"@id\":\"https:\/\/km74.fr\/en\/medias\/photo\/#primaryimage\",\"url\":\"https:\/\/km74.fr\/wp\/wp-content\/uploads\/remise-diplome-km74-enfants-2021-2-300x225.jpg\",\"contentUrl\":\"https:\/\/km74.fr\/wp\/wp-content\/uploads\/remise-diplome-km74-enfants-2021-2-300x225.jpg\"},{\"@type\":\"BreadcrumbList\",\"@id\":\"https:\/\/km74.fr\/en\/medias\/photo\/#breadcrumb\",\"itemListElement\":[{\"@type\":\"ListItem\",\"position\":1,\"name\":\"Accueil\",\"item\":\"https:\/\/km74.fr\/en\/accueil\/\"},{\"@type\":\"ListItem\",\"position\":2,\"name\":\"Medias\",\"item\":\"https:\/\/km74.fr\/en\/medias\/photo\/\"},{\"@type\":\"ListItem\",\"position\":3,\"name\":\"Photo\"}]},{\"@type\":\"WebSite\",\"@id\":\"https:\/\/km74.fr\/#website\",\"url\":\"https:\/\/km74.fr\/\",\"name\":\"KM74 | Club de Krav Maga\",\"description\":\"Club de Krav Maga\",\"publisher\":{\"@id\":\"https:\/\/km74.fr\/#organization\"},\"potentialAction\":[{\"@type\":\"SearchAction\",\"target\":{\"@type\":\"EntryPoint\",\"urlTemplate\":\"https:\/\/km74.fr\/?s={search_term_string}\"},\"query-input\":{\"@type\":\"PropertyValueSpecification\",\"valueRequired\":true,\"valueName\":\"search_term_string\"}}],\"inLanguage\":\"en-US\"},{\"@type\":\"Organization\",\"@id\":\"https:\/\/km74.fr\/#organization\",\"name\":\"KM74 | Club de Krav Maga\",\"url\":\"https:\/\/km74.fr\/\",\"logo\":{\"@type\":\"ImageObject\",\"inLanguage\":\"en-US\",\"@id\":\"https:\/\/km74.fr\/#\/schema\/logo\/image\/\",\"url\":\"https:\/\/km74.fr\/wp\/wp-content\/uploads\/KM74-logo.jpg\",\"contentUrl\":\"https:\/\/km74.fr\/wp\/wp-content\/uploads\/KM74-logo.jpg\",\"width\":191,\"height\":159,\"caption\":\"KM74 | Club de Krav Maga\"},\"image\":{\"@id\":\"https:\/\/km74.fr\/#\/schema\/logo\/image\/\"}}]}<\/script>\n<!-- \/ Yoast SEO plugin. -->","yoast_head_json":{"title":"Photo | KM74","robots":{"index":"index","follow":"follow","max-snippet":"max-snippet:-1","max-image-preview":"max-image-preview:large","max-video-preview":"max-video-preview:-1"},"canonical":"https:\/\/km74.fr\/en\/medias\/photo\/","og_locale":"en_US","og_type":"article","og_title":"Photo | KM74","og_description":"[vc_row][vc_column][vc_single_image image=&#8221;1242&#8243;][vc_single_image image=&#8221;1246&#8243;][vc_gallery interval=&#8221;3&#8243; images=&#8221;1236,1234&#8243; img_size=&#8221;&#8221; onclick=&#8221;&#8221;][vc_gallery type=&#8221;image_grid&#8221; images=&#8221;1135,1137,1139,1141,1143,1145,1147,1149,1151,1157,1155,1153&#8243; title=&#8221;Stage enfants, 27\/28 octobre 2020&#8243;][vc_column_text][\/vc_column_text][vc_gallery type=&#8221;image_grid&#8221; images=&#8221;975,977,989,979,991,981,983,987,993,985,995,997,999,1001,1003,1007,1009,1011,1013,1005&#8243;][\/vc_column][\/vc_row][vc_row][vc_column][vc_gallery type=&#8221;image_grid&#8221; images=&#8221;156,172,170,168,166,164,162,160,158&#8243;][\/vc_column][\/vc_row][vc_row][vc_column][vc_gallery type=&#8221;image_grid&#8221; images=&#8221;192,204,202,200,198,196,194&#8243;][\/vc_column][\/vc_row][vc_row][vc_column][vc_gallery type=&#8221;image_grid&#8221; images=&#8221;206,238,236,234,232,230,228,226,224,222,220,218,216,214,212,210,208&#8243;][\/vc_column][\/vc_row][vc_row][vc_column][vc_gallery type=&#8221;image_grid&#8221; images=&#8221;240,296,294,292,290,288,286,284,282,280,278,276,274,272,270,268,266,264,262,260,258,256,254,252,250,248,246,244,242&#8243;][\/vc_column][\/vc_row][vc_row][vc_column][vc_gallery type=&#8221;image_grid&#8221; images=&#8221;300,336,334,332,330,328,326,324,322,320,318,316,314,312,310,308,306,304,302&#8243;][\/vc_column][\/vc_row][vc_row][vc_column][vc_gallery type=&#8221;image_grid&#8221; images=&#8221;342,366,364,362,360,358,356,354,352,350,348,346,344&#8243;][vc_column_text]Merci \u00e0 vous toutes et tous!!!![\/vc_column_text][\/vc_column][\/vc_row][vc_row][vc_column][vc_column_text]Visites de Tel Aviv et son fameux front de mer&#8230;[\/vc_column_text][vc_gallery type=&#8221;image_grid&#8221; images=&#8221;370,376,374,372&#8243;][vc_column_text]son march\u00e9 typique y\u00e9m\u00e9nite r\u00e9put\u00e9&#8230;[\/vc_column_text][vc_gallery type=&#8221;image_grid&#8221; images=&#8221;378,380&#8243;][vc_column_text]Je remercie Alain COHEN et ses [&hellip;]","og_url":"https:\/\/km74.fr\/en\/medias\/photo\/","og_site_name":"KM74","article_modified_time":"2023-01-08T11:19:55+00:00","og_image":[{"width":1024,"height":768,"url":"https:\/\/km74.fr\/wp\/wp-content\/uploads\/remise-diplome-km74-enfants-2021-2-1024x768.jpg","type":"image\/jpeg"}],"twitter_card":"summary_large_image","twitter_misc":{"Est. reading time":"3 minutes"},"schema":{"@context":"https:\/\/schema.org","@graph":[{"@type":"WebPage","@id":"https:\/\/km74.fr\/en\/medias\/photo\/","url":"https:\/\/km74.fr\/en\/medias\/photo\/","name":"Photo | KM74","isPartOf":{"@id":"https:\/\/km74.fr\/#website"},"primaryImageOfPage":{"@id":"https:\/\/km74.fr\/en\/medias\/photo\/#primaryimage"},"image":{"@id":"https:\/\/km74.fr\/en\/medias\/photo\/#primaryimage"},"thumbnailUrl":"https:\/\/km74.fr\/wp\/wp-content\/uploads\/remise-diplome-km74-enfants-2021-2-300x225.jpg","datePublished":"2016-11-15T08:53:08+00:00","dateModified":"2023-01-08T11:19:55+00:00","breadcrumb":{"@id":"https:\/\/km74.fr\/en\/medias\/photo\/#breadcrumb"},"inLanguage":"en-US","potentialAction":[{"@type":"ReadAction","target":["https:\/\/km74.fr\/en\/medias\/photo\/"]}]},{"@type":"ImageObject","inLanguage":"en-US","@id":"https:\/\/km74.fr\/en\/medias\/photo\/#primaryimage","url":"https:\/\/km74.fr\/wp\/wp-content\/uploads\/remise-diplome-km74-enfants-2021-2-300x225.jpg","contentUrl":"https:\/\/km74.fr\/wp\/wp-content\/uploads\/remise-diplome-km74-enfants-2021-2-300x225.jpg"},{"@type":"BreadcrumbList","@id":"https:\/\/km74.fr\/en\/medias\/photo\/#breadcrumb","itemListElement":[{"@type":"ListItem","position":1,"name":"Accueil","item":"https:\/\/km74.fr\/en\/accueil\/"},{"@type":"ListItem","position":2,"name":"Medias","item":"https:\/\/km74.fr\/en\/medias\/photo\/"},{"@type":"ListItem","position":3,"name":"Photo"}]},{"@type":"WebSite","@id":"https:\/\/km74.fr\/#website","url":"https:\/\/km74.fr\/","name":"KM74 | Club de Krav Maga","description":"Club de Krav Maga","publisher":{"@id":"https:\/\/km74.fr\/#organization"},"potentialAction":[{"@type":"SearchAction","target":{"@type":"EntryPoint","urlTemplate":"https:\/\/km74.fr\/?s={search_term_string}"},"query-input":{"@type":"PropertyValueSpecification","valueRequired":true,"valueName":"search_term_string"}}],"inLanguage":"en-US"},{"@type":"Organization","@id":"https:\/\/km74.fr\/#organization","name":"KM74 | Club de Krav Maga","url":"https:\/\/km74.fr\/","logo":{"@type":"ImageObject","inLanguage":"en-US","@id":"https:\/\/km74.fr\/#\/schema\/logo\/image\/","url":"https:\/\/km74.fr\/wp\/wp-content\/uploads\/KM74-logo.jpg","contentUrl":"https:\/\/km74.fr\/wp\/wp-content\/uploads\/KM74-logo.jpg","width":191,"height":159,"caption":"KM74 | Club de Krav Maga"},"image":{"@id":"https:\/\/km74.fr\/#\/schema\/logo\/image\/"}}]}},"_links":{"self":[{"href":"https:\/\/km74.fr\/en\/wp-json\/wp\/v2\/pages\/154","targetHints":{"allow":["GET"]}}],"collection":[{"href":"https:\/\/km74.fr\/en\/wp-json\/wp\/v2\/pages"}],"about":[{"href":"https:\/\/km74.fr\/en\/wp-json\/wp\/v2\/types\/page"}],"author":[{"embeddable":true,"href":"https:\/\/km74.fr\/en\/wp-json\/wp\/v2\/users\/1"}],"replies":[{"embeddable":true,"href":"https:\/\/km74.fr\/en\/wp-json\/wp\/v2\/comments?post=154"}],"version-history":[{"count":55,"href":"https:\/\/km74.fr\/en\/wp-json\/wp\/v2\/pages\/154\/revisions"}],"predecessor-version":[{"id":1252,"href":"https:\/\/km74.fr\/en\/wp-json\/wp\/v2\/pages\/154\/revisions\/1252"}],"up":[{"embeddable":true,"href":"https:\/\/km74.fr\/en\/wp-json\/wp\/v2\/pages\/646"}],"wp:attachment":[{"href":"https:\/\/km74.fr\/en\/wp-json\/wp\/v2\/media?parent=154"}],"curies":[{"name":"wp","href":"https:\/\/api.w.org\/{rel}","templated":true}]}}